{"id":1969,"date":"2023-01-26T12:20:33","date_gmt":"2023-01-26T10:20:33","guid":{"rendered":"https:\/\/www.incorpora.ee\/terms-of-service\/"},"modified":"2025-01-16T21:16:29","modified_gmt":"2025-01-16T19:16:29","slug":"terms-of-service","status":"publish","type":"page","link":"https:\/\/www.incorpora.ee\/en\/terms-of-service\/","title":{"rendered":"Terms of service"},"content":{"rendered":"\n<p><strong>InCorpora O\u00dc terms of use from 10.2020<\/strong><\/p>\n\n\n\n<p>This is the official website of InCorpora O\u00dc, Reg.No. 14625353; VAT: EE102124169; address: Metro Plaza, Viru v\u00e4ljak 2, Tallinn 10111, Estonia; tel: +372 7900 100; e-mail:<a href=\"mailto:info@incorpora.eu\"> info@incorpora.eu<\/a><\/p>\n\n\n\n<p>By using this website, you accept the provisions set out in these terms and conditions, as these may be amended from time to time without notice.<\/p>\n\n\n\n<ol class=\"wp-block-list\">\n<li>The material on this website is for general information purposes only and does not intend to provide or be relied upon as professional, legal, accounting, tax, or other advice. For advice, you should contact InCorpora O\u00dc.<\/li>\n\n\n\n<li>Users are permitted to read the contents and make copies for their own personal use only.<\/li>\n\n\n\n<li>Information requests can be sent through InCorpora O\u00dc website, via web inquiry or e-mail address: info@incorpora.eu<\/li>\n\n\n\n<li>Information requests should contain questions about the services InCorpora O\u00dc provides.<\/li>\n\n\n\n<li>The person performing the request undertakes to refrain from using InCorpora O\u00dc website or e-mail for an illegal or immoral purpose, including fraud and sending illegal material.<\/li>\n\n\n\n<li>InCorpora O\u00dc warrants that requests received through the website or e-mail will be usually answered within 24 hours, but no later than 48 hours.<\/li>\n\n\n\n<li>The use of this Website, including sending requests through the website or by e-mail, does not create any kind of partnership or InCorpora-client relationship. Requests are not considered as orders. An order will be placed and accepted separately according to InCorpora O\u00dc Terms and Conditions, which will be presented together with the Client Declaration and other relevant KYC documents.<\/li>\n\n\n\n<li>InCorpora O\u00dc uses and processes the personal data received through the website or e-mail only to perform the obligations arising from this document.<\/li>\n\n\n\n<li>InCorpora O\u00dc does not forward personal data received through the website or e-mail to third parties without asking permission from the data owner first.<\/li>\n\n\n\n<li>InCorpora O\u00dc will store personal data received through the website or e-mail in its server for a maximum of five years from the date of the request including in cases where no order was placed.<\/li>\n\n\n\n<li>InCorpora O\u00dc will provide confidentiality for the information received through the website or e-mail and will not send this information to third parties.<\/li>\n<\/ol>\n","protected":false},"excerpt":{"rendered":"<p>InCorpora O\u00dc terms of use from 10.2020 This is the official website of InCorpora O\u00dc, Reg.No. 14625353; VAT: EE102124169; address: Metro Plaza, Viru v\u00e4ljak 2, Tallinn 10111, Estonia; tel: +372 7900 100; e-mail: info@incorpora.eu By using this website, you accept the provisions set out in these terms and conditions, as these may be amended from [&hellip;]<\/p>\n","protected":false},"author":2,"featured_media":0,"parent":0,"menu_order":0,"comment_status":"closed","ping_status":"closed","template":"","meta":{"footnotes":""},"class_list":["post-1969","page","type-page","status-publish","hentry"],"yoast_head":"<!-- This site is optimized with the Yoast SEO plugin v27.2 - https:\/\/yoast.com\/product\/yoast-seo-wordpress\/ -->\n<title>Terms of service - InCorpora<\/title>\n<meta name=\"robots\" content=\"index, follow, max-snippet:-1, max-image-preview:large, max-video-preview:-1\" \/>\n<link rel=\"canonical\" href=\"https:\/\/www.incorpora.ee\/en\/terms-of-service\/\" \/>\n<meta property=\"og:locale\" content=\"en_US\" \/>\n<meta property=\"og:type\" content=\"article\" \/>\n<meta property=\"og:title\" content=\"Terms of service - InCorpora\" \/>\n<meta property=\"og:description\" content=\"InCorpora O\u00dc terms of use from 10.2020 This is the official website of InCorpora O\u00dc, Reg.No. 14625353; VAT: EE102124169; address: Metro Plaza, Viru v\u00e4ljak 2, Tallinn 10111, Estonia; tel: +372 7900 100; e-mail: info@incorpora.eu By using this website, you accept the provisions set out in these terms and conditions, as these may be amended from [&hellip;]\" \/>\n<meta property=\"og:url\" content=\"https:\/\/www.incorpora.ee\/en\/terms-of-service\/\" \/>\n<meta property=\"og:site_name\" content=\"InCorpora\" \/>\n<meta property=\"article:modified_time\" content=\"2025-01-16T19:16:29+00:00\" \/>\n<meta name=\"twitter:card\" content=\"summary_large_image\" \/>\n<meta name=\"twitter:label1\" content=\"Est. reading time\" \/>\n\t<meta name=\"twitter:data1\" content=\"3 minutes\" \/>\n<script type=\"application\/ld+json\" class=\"yoast-schema-graph\">{\"@context\":\"https:\/\/schema.org\",\"@graph\":[{\"@type\":\"WebPage\",\"@id\":\"https:\/\/www.incorpora.ee\/en\/terms-of-service\/\",\"url\":\"https:\/\/www.incorpora.ee\/en\/terms-of-service\/\",\"name\":\"Terms of service - InCorpora\",\"isPartOf\":{\"@id\":\"https:\/\/www.incorpora.ee\/#website\"},\"datePublished\":\"2023-01-26T10:20:33+00:00\",\"dateModified\":\"2025-01-16T19:16:29+00:00\",\"breadcrumb\":{\"@id\":\"https:\/\/www.incorpora.ee\/en\/terms-of-service\/#breadcrumb\"},\"inLanguage\":\"en-US\",\"potentialAction\":[{\"@type\":\"ReadAction\",\"target\":[\"https:\/\/www.incorpora.ee\/en\/terms-of-service\/\"]}]},{\"@type\":\"BreadcrumbList\",\"@id\":\"https:\/\/www.incorpora.ee\/en\/terms-of-service\/#breadcrumb\",\"itemListElement\":[{\"@type\":\"ListItem\",\"position\":1,\"name\":\"Home\",\"item\":\"https:\/\/www.incorpora.ee\/\"},{\"@type\":\"ListItem\",\"position\":2,\"name\":\"Terms of service\"}]},{\"@type\":\"WebSite\",\"@id\":\"https:\/\/www.incorpora.ee\/#website\",\"url\":\"https:\/\/www.incorpora.ee\/\",\"name\":\"InCorpora\",\"description\":\"\",\"potentialAction\":[{\"@type\":\"SearchAction\",\"target\":{\"@type\":\"EntryPoint\",\"urlTemplate\":\"https:\/\/www.incorpora.ee\/?s={search_term_string}\"},\"query-input\":{\"@type\":\"PropertyValueSpecification\",\"valueRequired\":true,\"valueName\":\"search_term_string\"}}],\"inLanguage\":\"en-US\"}]}<\/script>\n<!-- \/ Yoast SEO plugin. -->","yoast_head_json":{"title":"Terms of service - InCorpora","robots":{"index":"index","follow":"follow","max-snippet":"max-snippet:-1","max-image-preview":"max-image-preview:large","max-video-preview":"max-video-preview:-1"},"canonical":"https:\/\/www.incorpora.ee\/en\/terms-of-service\/","og_locale":"en_US","og_type":"article","og_title":"Terms of service - InCorpora","og_description":"InCorpora O\u00dc terms of use from 10.2020 This is the official website of InCorpora O\u00dc, Reg.No. 14625353; VAT: EE102124169; address: Metro Plaza, Viru v\u00e4ljak 2, Tallinn 10111, Estonia; tel: +372 7900 100; e-mail: info@incorpora.eu By using this website, you accept the provisions set out in these terms and conditions, as these may be amended from [&hellip;]","og_url":"https:\/\/www.incorpora.ee\/en\/terms-of-service\/","og_site_name":"InCorpora","article_modified_time":"2025-01-16T19:16:29+00:00","twitter_card":"summary_large_image","twitter_misc":{"Est. reading time":"3 minutes"},"schema":{"@context":"https:\/\/schema.org","@graph":[{"@type":"WebPage","@id":"https:\/\/www.incorpora.ee\/en\/terms-of-service\/","url":"https:\/\/www.incorpora.ee\/en\/terms-of-service\/","name":"Terms of service - InCorpora","isPartOf":{"@id":"https:\/\/www.incorpora.ee\/#website"},"datePublished":"2023-01-26T10:20:33+00:00","dateModified":"2025-01-16T19:16:29+00:00","breadcrumb":{"@id":"https:\/\/www.incorpora.ee\/en\/terms-of-service\/#breadcrumb"},"inLanguage":"en-US","potentialAction":[{"@type":"ReadAction","target":["https:\/\/www.incorpora.ee\/en\/terms-of-service\/"]}]},{"@type":"BreadcrumbList","@id":"https:\/\/www.incorpora.ee\/en\/terms-of-service\/#breadcrumb","itemListElement":[{"@type":"ListItem","position":1,"name":"Home","item":"https:\/\/www.incorpora.ee\/"},{"@type":"ListItem","position":2,"name":"Terms of service"}]},{"@type":"WebSite","@id":"https:\/\/www.incorpora.ee\/#website","url":"https:\/\/www.incorpora.ee\/","name":"InCorpora","description":"","potentialAction":[{"@type":"SearchAction","target":{"@type":"EntryPoint","urlTemplate":"https:\/\/www.incorpora.ee\/?s={search_term_string}"},"query-input":{"@type":"PropertyValueSpecification","valueRequired":true,"valueName":"search_term_string"}}],"inLanguage":"en-US"}]}},"_links":{"self":[{"href":"https:\/\/www.incorpora.ee\/en\/wp-json\/wp\/v2\/pages\/1969","targetHints":{"allow":["GET"]}}],"collection":[{"href":"https:\/\/www.incorpora.ee\/en\/wp-json\/wp\/v2\/pages"}],"about":[{"href":"https:\/\/www.incorpora.ee\/en\/wp-json\/wp\/v2\/types\/page"}],"author":[{"embeddable":true,"href":"https:\/\/www.incorpora.ee\/en\/wp-json\/wp\/v2\/users\/2"}],"replies":[{"embeddable":true,"href":"https:\/\/www.incorpora.ee\/en\/wp-json\/wp\/v2\/comments?post=1969"}],"version-history":[{"count":0,"href":"https:\/\/www.incorpora.ee\/en\/wp-json\/wp\/v2\/pages\/1969\/revisions"}],"wp:attachment":[{"href":"https:\/\/www.incorpora.ee\/en\/wp-json\/wp\/v2\/media?parent=1969"}],"curies":[{"name":"wp","href":"https:\/\/api.w.org\/{rel}","templated":true}]}}